{"id":12311,"date":"2020-10-22T08:49:12","date_gmt":"2020-10-22T08:49:12","guid":{"rendered":"https:\/\/canticosworld.com\/faq-shop\/"},"modified":"2021-08-06T22:15:53","modified_gmt":"2021-08-07T02:15:53","slug":"faq-shop","status":"publish","type":"page","link":"https:\/\/canticosworld.com\/es\/faq-shop\/","title":{"rendered":"FAQS Tienda"},"content":{"rendered":"\t\t<div data-elementor-type=\"wp-page\" data-elementor-id=\"12311\" class=\"elementor elementor-12311\" data-elementor-post-type=\"page\">\n\t\t\t\t\t\t<section data-particle_enable=\"false\" data-particle-mobile-disabled=\"false\" class=\"elementor-section elementor-top-section elementor-element elementor-element-253b751 elementor-section-boxed elementor-section-height-default elementor-section-height-default\" data-id=\"253b751\" data-element_type=\"section\">\n\t\t\t\t\t\t<div class=\"elementor-container elementor-column-gap-default\">\n\t\t\t\t\t<div class=\"elementor-column elementor-col-100 elementor-top-column elementor-element elementor-element-178f8ca\" data-id=\"178f8ca\" data-element_type=\"column\">\n\t\t\t<div class=\"elementor-widget-wrap elementor-element-populated\">\n\t\t\t\t\t\t<section data-particle_enable=\"false\" data-particle-mobile-disabled=\"false\" class=\"elementor-section elementor-inner-section elementor-element elementor-element-6f2aa0b elementor-section-boxed elementor-section-height-default elementor-section-height-default\" data-id=\"6f2aa0b\" data-element_type=\"section\">\n\t\t\t\t\t\t<div class=\"elementor-container elementor-column-gap-default\">\n\t\t\t\t\t<div class=\"elementor-column elementor-col-50 elementor-inner-column elementor-element elementor-element-cc97516\" data-id=\"cc97516\" data-element_type=\"column\">\n\t\t\t<div class=\"elementor-widget-wrap elementor-element-populated\">\n\t\t\t\t\t\t<div class=\"elementor-element elementor-element-ca9e04d elementor-widget elementor-widget-heading\" data-id=\"ca9e04d\" data-element_type=\"widget\" data-widget_type=\"heading.default\">\n\t\t\t\t<div class=\"elementor-widget-container\">\n\t\t\t<h1 class=\"elementor-heading-title elementor-size-default\">FAQs<\/h1>\t\t<\/div>\n\t\t\t\t<\/div>\n\t\t\t\t<div class=\"elementor-element elementor-element-675090c elementor-absolute elementor-widget elementor-widget-button\" data-id=\"675090c\" data-element_type=\"widget\" data-settings=\"{&quot;_position&quot;:&quot;absolute&quot;}\" data-widget_type=\"button.default\">\n\t\t\t\t<div class=\"elementor-widget-container\">\n\t\t\t\t\t\t\t<div class=\"elementor-button-wrapper\">\n\t\t\t\t\t<a class=\"elementor-button elementor-button-link elementor-size-xs\" href=\"https:\/\/canticosworld.com\/es\/faq-app-2\">\n\t\t\t\t\t\t<span class=\"elementor-button-content-wrapper\">\n\t\t\t\t\t\t<span class=\"elementor-button-icon\">\n\t\t\t\t<i aria-hidden=\"true\" class=\"far fa-arrow-alt-circle-left\"><\/i>\t\t\t<\/span>\n\t\t\t\t\t\t\t\t\t<span class=\"elementor-button-text\">App FAQ\u2019s<\/span>\n\t\t\t\t\t<\/span>\n\t\t\t\t\t<\/a>\n\t\t\t\t<\/div>\n\t\t\t\t\t\t<\/div>\n\t\t\t\t<\/div>\n\t\t\t\t\t<\/div>\n\t\t<\/div>\n\t\t\t\t<div class=\"elementor-column elementor-col-50 elementor-inner-column elementor-element elementor-element-4fccc9c\" data-id=\"4fccc9c\" data-element_type=\"column\">\n\t\t\t<div class=\"elementor-widget-wrap\">\n\t\t\t\t\t\t\t<\/div>\n\t\t<\/div>\n\t\t\t\t\t<\/div>\n\t\t<\/section>\n\t\t\t\t\t<\/div>\n\t\t<\/div>\n\t\t\t\t\t<\/div>\n\t\t<\/section>\n\t\t\t\t<section data-particle_enable=\"false\" data-particle-mobile-disabled=\"false\" class=\"elementor-section elementor-top-section elementor-element elementor-element-ab6d5c6 elementor-section-boxed elementor-section-height-default elementor-section-height-default\" data-id=\"ab6d5c6\" data-element_type=\"section\">\n\t\t\t\t\t\t<div class=\"elementor-container elementor-column-gap-default\">\n\t\t\t\t\t<div class=\"elementor-column elementor-col-100 elementor-top-column elementor-element elementor-element-ccb33c0\" data-id=\"ccb33c0\" data-element_type=\"column\">\n\t\t\t<div class=\"elementor-widget-wrap elementor-element-populated\">\n\t\t\t\t\t\t<div class=\"elementor-element elementor-element-f184ce0 elementor-widget elementor-widget-accordion\" data-id=\"f184ce0\" data-element_type=\"widget\" data-widget_type=\"accordion.default\">\n\t\t\t\t<div class=\"elementor-widget-container\">\n\t\t\t\t\t<div class=\"elementor-accordion\">\n\t\t\t\t\t\t\t<div class=\"elementor-accordion-item\">\n\t\t\t\t\t<div id=\"elementor-tab-title-2531\" class=\"elementor-tab-title\" data-tab=\"1\" role=\"button\" aria-controls=\"elementor-tab-content-2531\" aria-expanded=\"false\">\n\t\t\t\t\t\t\t\t\t\t\t\t\t<span class=\"elementor-accordion-icon elementor-accordion-icon-left\" aria-hidden=\"true\">\n\t\t\t\t\t\t\t\t\t\t\t\t\t\t\t<span class=\"elementor-accordion-icon-closed\"><i class=\"fas fa-plus\"><\/i><\/span>\n\t\t\t\t\t\t\t\t<span class=\"elementor-accordion-icon-opened\"><i class=\"fas fa-minus\"><\/i><\/span>\n\t\t\t\t\t\t\t\t\t\t\t\t\t\t<\/span>\n\t\t\t\t\t\t\t\t\t\t\t\t<a class=\"elementor-accordion-title\" tabindex=\"0\">Pedidos<\/a>\n\t\t\t\t\t<\/div>\n\t\t\t\t\t<div id=\"elementor-tab-content-2531\" class=\"elementor-tab-content elementor-clearfix\" data-tab=\"1\" role=\"region\" aria-labelledby=\"elementor-tab-title-2531\"><p><b>\u00bfPuedo usar sus videos y libros para un evento?<br \/><\/b><\/p><p>Env\u00eda un correo electr\u00f3nico a <span style=\"color: #00ccff;\"><a style=\"color: #00ccff;\" href=\"mailto:info@canticosworld.com\"><strong>info@canticosworld.com<\/strong><\/a><\/span> con los detalles de tu evento y revisaremos tu solicitud.<\/p><p><b>\u00bfPuedo agregar una nota de regalo?<br \/><\/b><\/p><p>Lamentablemente no tenemos esa opci\u00f3n disponible en este momento, pero esperamos agregarla en un futuro cercano.<\/p><p><b>\u00bfHacen pedidos al por mayor?<\/b><\/p><p>S\u00ed, env\u00eda un correo electr\u00f3nico a <span style=\"color: #00ccff;\"><strong><a style=\"color: #00ccff;\" href=\"mailto:info@canticosworld.com\">info@canticosworld.com<\/a><\/strong><\/span> con lo que necesitas m\u00e1s detalles del producto y te proporcionaremos un c\u00f3digo de mayoreo para tu compra.<\/p><\/div>\n\t\t\t\t<\/div>\n\t\t\t\t\t\t\t<div class=\"elementor-accordion-item\">\n\t\t\t\t\t<div id=\"elementor-tab-title-2532\" class=\"elementor-tab-title\" data-tab=\"2\" role=\"button\" aria-controls=\"elementor-tab-content-2532\" aria-expanded=\"false\">\n\t\t\t\t\t\t\t\t\t\t\t\t\t<span class=\"elementor-accordion-icon elementor-accordion-icon-left\" aria-hidden=\"true\">\n\t\t\t\t\t\t\t\t\t\t\t\t\t\t\t<span class=\"elementor-accordion-icon-closed\"><i class=\"fas fa-plus\"><\/i><\/span>\n\t\t\t\t\t\t\t\t<span class=\"elementor-accordion-icon-opened\"><i class=\"fas fa-minus\"><\/i><\/span>\n\t\t\t\t\t\t\t\t\t\t\t\t\t\t<\/span>\n\t\t\t\t\t\t\t\t\t\t\t\t<a class=\"elementor-accordion-title\" tabindex=\"0\">Tiempos de env\u00edo y procesamiento<\/a>\n\t\t\t\t\t<\/div>\n\t\t\t\t\t<div id=\"elementor-tab-content-2532\" class=\"elementor-tab-content elementor-clearfix\" data-tab=\"2\" role=\"region\" aria-labelledby=\"elementor-tab-title-2532\"><h3><strong>\u00bfCu\u00e1ndo llegar\u00e1 mi paquete?<br \/><\/strong><\/h3><p>Recibir\u00e1s un n\u00famero de seguimiento de env\u00edo en tu correo electr\u00f3nico despu\u00e9s de que hayamos enviado tu pedido. Los pedidos de libros tardan entre 3 y 5 d\u00edas h\u00e1biles.<\/p><p>Debido a COVID-19, actualmente estamos experimentando tiempos de env\u00edo m\u00e1s largos de lo normal. Por favor, espera hasta 5 d\u00edas h\u00e1biles adicionales para que llegue tu paquete. Si tu paquete tarda m\u00e1s, cont\u00e1ctanos en <span style=\"color: #00ccff;\"><strong><a style=\"color: #00ccff;\" href=\"mailto:info@canticosworld.com\">info@canticosworld.com<\/a><\/strong><\/span><\/p><h3><strong>Mi pedido es un regalo y lo necesito en una fecha determinada. \u00bfLlegar\u00e1 a tiempo?<\/strong><\/h3><p>Si necesitas un producto con urgencia, te sugerimos que elijas la opci\u00f3n de env\u00edo m\u00e1s r\u00e1pida al finalizar tu compra. Tambi\u00e9n puedes comunicarse con nosotros para asegurarnos de que salga de nuestro centro de env\u00edo lo antes posible. Una vez que se ha enviado un pedido, no podemos cambiar los tiempos de env\u00edo ni interceptarlo. Para los productos que aparecen como pedidos por adelantado se indican las fechas de entrega aproximadas. El env\u00edo r\u00e1pido no est\u00e1 disponible para estos productos.<\/p><h3><b>\u00bfEnv\u00edan internacionalmente?<\/b><\/h3><p>Actualmente enviamos solo dentro de los EE. UU. Esperamos poder realizar env\u00edos internacionales en un futuro pr\u00f3ximo.<\/p><h3><b>\u00bfC\u00f3mo cambio mi direcci\u00f3n de env\u00edo?<br \/><\/b><\/h3><p>Si notas que tu direcci\u00f3n de env\u00edo es incorrecta, comun\u00edcate con nosotros de inmediato a <span style=\"color: #00ccff;\"><strong><a style=\"color: #00ccff;\" href=\"mailto:info@canticosworld.com\">info@canticosworld.com<\/a><\/strong><\/span> para que la corrigamos. Una vez que se ha enviado un producto, no podemos interceptarlo ni cambiar la direcci\u00f3n, por lo que tendr\u00e1s que esperar hasta que nos devuelvan el pedido para que podamos enviarlo nuevamente.<\/p><h3><b>Seguimiento de mi pedido<br \/><\/b><\/h3><p>Recibir\u00e1s un n\u00famero de seguimiento de env\u00edo en tu correo electr\u00f3nico despu\u00e9s de que se haya enviado. Los pedidos de libros tardan entre 3 y 5 d\u00edas h\u00e1biles. Si no recibes un n\u00famero de seguimiento, env\u00edanos un correo electr\u00f3nico a <strong><span style=\"color: #00ccff;\"><a style=\"color: #00ccff;\" href=\"mailto:info@canticosworld.com\">info@canticosworld.com<\/a>\u00a0<\/span><\/strong> y te proporcionaremos la informaci\u00f3n necesaria.<\/p><\/div>\n\t\t\t\t<\/div>\n\t\t\t\t\t\t\t<div class=\"elementor-accordion-item\">\n\t\t\t\t\t<div id=\"elementor-tab-title-2533\" class=\"elementor-tab-title\" data-tab=\"3\" role=\"button\" aria-controls=\"elementor-tab-content-2533\" aria-expanded=\"false\">\n\t\t\t\t\t\t\t\t\t\t\t\t\t<span class=\"elementor-accordion-icon elementor-accordion-icon-left\" aria-hidden=\"true\">\n\t\t\t\t\t\t\t\t\t\t\t\t\t\t\t<span class=\"elementor-accordion-icon-closed\"><i class=\"fas fa-plus\"><\/i><\/span>\n\t\t\t\t\t\t\t\t<span class=\"elementor-accordion-icon-opened\"><i class=\"fas fa-minus\"><\/i><\/span>\n\t\t\t\t\t\t\t\t\t\t\t\t\t\t<\/span>\n\t\t\t\t\t\t\t\t\t\t\t\t<a class=\"elementor-accordion-title\" tabindex=\"0\">Devoluciones<\/a>\n\t\t\t\t\t<\/div>\n\t\t\t\t\t<div id=\"elementor-tab-content-2533\" class=\"elementor-tab-content elementor-clearfix\" data-tab=\"3\" role=\"region\" aria-labelledby=\"elementor-tab-title-2533\"><h3><b>\u00bfC\u00f3mo devuelvo un art\u00edculo?<br \/><\/b><\/h3><p>Env\u00edanos un correo electr\u00f3nico a <span style=\"color: #00ccff;\"><strong><a style=\"color: #00ccff;\" href=\"mailto:info@canticosworld.com\">info@canticosworld.com<\/a><\/strong><\/span> y proporciona el n\u00famero de pedido y el nombre m\u00e1s la descripci\u00f3n de los art\u00edculos que deseas devolver. Una vez que se autorice tu devoluci\u00f3n, recibir\u00e1s una etiqueta de env\u00edo prepagado por correo electr\u00f3nico para devolver tu paquete. Cubrimos los gastos de env\u00edo y manejo en su divisa nacional.<\/p><h3><strong>\u00bfQu\u00e9 tan pronto recibir\u00e9 mi reembolso?<\/strong><\/h3><p>Una vez que el almac\u00e9n haya inspeccionado los art\u00edculos, recibir\u00e1s tu reembolso en aproximadamente 5 d\u00edas h\u00e1biles.<\/p><h3><strong>\u00bfQu\u00e9 art\u00edculos se pueden devolver?<\/strong><\/h3><p>Art\u00edculos comprados en los \u00faltimos 30 d\u00edas sin incluir los gastos de env\u00edo originales. Todos los art\u00edculos deben devolverse en su estado original. No podemos aceptar devoluciones de minoristas externos, solo pedidos hechos en nuestro sitio web. Nos reservamos el derecho a denegar cualquier devoluci\u00f3n de art\u00edculos que no se encuentren en su estado original.<\/p><h3><b>\u00bfC\u00f3mo cancelo o cambio mi pedido?<br \/><\/b><\/h3><p>Env\u00edenos un correo electr\u00f3nico a <span style=\"color: #00ccff;\"><strong><a style=\"color: #00ccff;\" href=\"mailto:info@canticosworld.com\">info@canticosworld.com<\/a><\/strong><\/span> con su solicitud y lo manejaremos de acuerdo al caso.<\/p><\/div>\n\t\t\t\t<\/div>\n\t\t\t\t\t\t\t<div class=\"elementor-accordion-item\">\n\t\t\t\t\t<div id=\"elementor-tab-title-2534\" class=\"elementor-tab-title\" data-tab=\"4\" role=\"button\" aria-controls=\"elementor-tab-content-2534\" aria-expanded=\"false\">\n\t\t\t\t\t\t\t\t\t\t\t\t\t<span class=\"elementor-accordion-icon elementor-accordion-icon-left\" aria-hidden=\"true\">\n\t\t\t\t\t\t\t\t\t\t\t\t\t\t\t<span class=\"elementor-accordion-icon-closed\"><i class=\"fas fa-plus\"><\/i><\/span>\n\t\t\t\t\t\t\t\t<span class=\"elementor-accordion-icon-opened\"><i class=\"fas fa-minus\"><\/i><\/span>\n\t\t\t\t\t\t\t\t\t\t\t\t\t\t<\/span>\n\t\t\t\t\t\t\t\t\t\t\t\t<a class=\"elementor-accordion-title\" tabindex=\"0\">Informaci\u00f3n y pruebas de seguridad<\/a>\n\t\t\t\t\t<\/div>\n\t\t\t\t\t<div id=\"elementor-tab-content-2534\" class=\"elementor-tab-content elementor-clearfix\" data-tab=\"4\" role=\"region\" aria-labelledby=\"elementor-tab-title-2534\"><p><b>\u00bfCu\u00e1l es su pol\u00edtica de privacidad?<br \/><\/b><\/p><p>Puedes consultar nuestra <span style=\"color: #00ccff;\"><strong>pol\u00edtica de privacidad aqu\u00ed.<\/strong><\/span>\u00a0<b><\/b><\/p><p><b>Covid\u00a0<\/b><\/p><p>Debido a COVID-19, actualmente estamos experimentando tiempos de env\u00edo m\u00e1s largos de lo normal. Por favor, espera hasta 5 d\u00edas h\u00e1biles adicionales para que llegue su paquete. Si tu paquete tarda m\u00e1s, no dudes en contactarnos en \u00a0<span style=\"color: #00ccff;\"><strong><a style=\"color: #00ccff;\" href=\"mailto:info@canticosworld.com\">info@canticosworld.com<\/a><\/strong><\/span>.<\/p><p><b>\u00bfCu\u00e1l es la recomendaci\u00f3n de edad para los productos Canticos?<br \/><\/b><\/p><p>Canticos ense\u00f1a alfabetizaci\u00f3n, m\u00fasica, conciencia social, aritm\u00e9tica y m\u00e1s a nivel preescolar en ingl\u00e9s y espa\u00f1ol. La mejor edad para los productos Canticos son los ni\u00f1os de 0 a 5 a\u00f1os.<\/p><\/div>\n\t\t\t\t<\/div>\n\t\t\t\t\t\t\t<div class=\"elementor-accordion-item\">\n\t\t\t\t\t<div id=\"elementor-tab-title-2535\" class=\"elementor-tab-title\" data-tab=\"5\" role=\"button\" aria-controls=\"elementor-tab-content-2535\" aria-expanded=\"false\">\n\t\t\t\t\t\t\t\t\t\t\t\t\t<span class=\"elementor-accordion-icon elementor-accordion-icon-left\" aria-hidden=\"true\">\n\t\t\t\t\t\t\t\t\t\t\t\t\t\t\t<span class=\"elementor-accordion-icon-closed\"><i class=\"fas fa-plus\"><\/i><\/span>\n\t\t\t\t\t\t\t\t<span class=\"elementor-accordion-icon-opened\"><i class=\"fas fa-minus\"><\/i><\/span>\n\t\t\t\t\t\t\t\t\t\t\t\t\t\t<\/span>\n\t\t\t\t\t\t\t\t\t\t\t\t<a class=\"elementor-accordion-title\" tabindex=\"0\">COVID 19<\/a>\n\t\t\t\t\t<\/div>\n\t\t\t\t\t<div id=\"elementor-tab-content-2535\" class=\"elementor-tab-content elementor-clearfix\" data-tab=\"5\" role=\"region\" aria-labelledby=\"elementor-tab-title-2535\"><p>Debido a COVID-19, actualmente estamos experimentando tiempos de env\u00edo m\u00e1s largos de lo normal. Por favor, espera hasta 5 d\u00edas h\u00e1biles adicionales para que llegue su paquete. Si tu paquete tarda m\u00e1s, no dudes en contactarnos en <a href=\"mailto:info@canticosworld.com\">info@canticosworld.com<\/a>.<\/p><\/div>\n\t\t\t\t<\/div>\n\t\t\t\t\t\t\t<div class=\"elementor-accordion-item\">\n\t\t\t\t\t<div id=\"elementor-tab-title-2536\" class=\"elementor-tab-title\" data-tab=\"6\" role=\"button\" aria-controls=\"elementor-tab-content-2536\" aria-expanded=\"false\">\n\t\t\t\t\t\t\t\t\t\t\t\t\t<span class=\"elementor-accordion-icon elementor-accordion-icon-left\" aria-hidden=\"true\">\n\t\t\t\t\t\t\t\t\t\t\t\t\t\t\t<span class=\"elementor-accordion-icon-closed\"><i class=\"fas fa-plus\"><\/i><\/span>\n\t\t\t\t\t\t\t\t<span class=\"elementor-accordion-icon-opened\"><i class=\"fas fa-minus\"><\/i><\/span>\n\t\t\t\t\t\t\t\t\t\t\t\t\t\t<\/span>\n\t\t\t\t\t\t\t\t\t\t\t\t<a class=\"elementor-accordion-title\" tabindex=\"0\">Descargas digitales<\/a>\n\t\t\t\t\t<\/div>\n\t\t\t\t\t<div id=\"elementor-tab-content-2536\" class=\"elementor-tab-content elementor-clearfix\" data-tab=\"6\" role=\"region\" aria-labelledby=\"elementor-tab-title-2536\"><p><b>\u00bfD\u00f3nde puedo encontrar mi descarga?<br \/><\/b><\/p><p>Ver\u00e1s una p\u00e1gina de confirmaci\u00f3n despu\u00e9s de comprar tu descarga digital. Tambi\u00e9n recibir\u00e1s un correo electr\u00f3nico con un enlace para descargarla; siempre puedes acceder a este enlace en el futuro para descargar el archivo de nuevo..<\/p><p><b>\u00bfPuedo comprar productos digitales si no estoy en EE. UU.?<br \/><\/b><\/p><p>\u00a1Si! Nuestros productos digitales est\u00e1n disponibles en todo el mundo y puedes imprimirlos en casa.<\/p><p><b>\u00bfPueden imprimir mi producto digital?<br \/><\/b><\/p><p>Desafortunadamente, actualmente no podemos enviar versiones f\u00edsicas de productos digitales.<\/p><\/div>\n\t\t\t\t<\/div>\n\t\t\t\t\t\t\t\t<\/div>\n\t\t\t\t<\/div>\n\t\t\t\t<\/div>\n\t\t\t\t\t<\/div>\n\t\t<\/div>\n\t\t\t\t\t<\/div>\n\t\t<\/section>\n\t\t\t\t<section data-particle_enable=\"false\" data-particle-mobile-disabled=\"false\" class=\"elementor-section elementor-top-section elementor-element elementor-element-f0a48bb elementor-section-boxed elementor-section-height-default elementor-section-height-default\" data-id=\"f0a48bb\" data-element_type=\"section\">\n\t\t\t\t\t\t<div class=\"elementor-container elementor-column-gap-default\">\n\t\t\t\t\t<div class=\"elementor-column elementor-col-100 elementor-top-column elementor-element elementor-element-84aac01\" data-id=\"84aac01\" data-element_type=\"column\">\n\t\t\t<div class=\"elementor-widget-wrap elementor-element-populated\">\n\t\t\t\t\t\t<div class=\"elementor-element elementor-element-8976b5f elementor-widget elementor-widget-spacer\" data-id=\"8976b5f\" data-element_type=\"widget\" data-widget_type=\"spacer.default\">\n\t\t\t\t<div class=\"elementor-widget-container\">\n\t\t\t\t\t<div class=\"elementor-spacer\">\n\t\t\t<div class=\"elementor-spacer-inner\"><\/div>\n\t\t<\/div>\n\t\t\t\t<\/div>\n\t\t\t\t<\/div>\n\t\t\t\t<div class=\"elementor-element elementor-element-95967f3 elementor-widget elementor-widget-text-editor\" data-id=\"95967f3\" data-element_type=\"widget\" data-widget_type=\"text-editor.default\">\n\t\t\t\t<div class=\"elementor-widget-container\">\n\t\t\t\t\t\t\t<p>Hecho con\u00a0<img decoding=\"async\" class=\"emoji lazyload\" role=\"img\" draggable=\"false\" data-src=\"https:\/\/s.w.org\/images\/core\/emoji\/13.0.1\/svg\/2764.svg\" alt=\"\u2764\ufe0f\" src=\"data:image\/gif;base64,R0lGODlhAQABAAAAACH5BAEKAAEALAAAAAABAAEAAAICTAEAOw==\" \/><noscript><img decoding=\"async\" class=\"emoji\" role=\"img\" draggable=\"false\" src=\"https:\/\/s.w.org\/images\/core\/emoji\/13.0.1\/svg\/2764.svg\" alt=\"\u2764\ufe0f\" \/><\/noscript>\u00a0de nuestra familia a la tuya<\/p>\t\t\t\t\t\t<\/div>\n\t\t\t\t<\/div>\n\t\t\t\t\t<\/div>\n\t\t<\/div>\n\t\t\t\t\t<\/div>\n\t\t<\/section>\n\t\t\t\t<\/div>\n\t\t","protected":false},"excerpt":{"rendered":"<p>FAQs App FAQ\u2019s Pedidos \u00bfPuedo usar sus videos y libros para un evento? Env\u00eda un correo electr\u00f3nico a info@canticosworld.com con los detalles de tu evento y revisaremos tu solicitud. \u00bfPuedo agregar una nota de regalo? Lamentablemente no tenemos esa opci\u00f3n disponible en este momento, pero esperamos agregarla en un futuro cercano. \u00bfHacen pedidos al por [&hellip;]<\/p>\n","protected":false},"author":1,"featured_media":0,"parent":0,"menu_order":0,"comment_status":"closed","ping_status":"closed","template":"","meta":{"_acf_changed":false,"inline_featured_image":false,"footnotes":""},"class_list":["post-12311","page","type-page","status-publish","hentry"],"acf":[],"_links":{"self":[{"href":"https:\/\/canticosworld.com\/es\/wp-json\/wp\/v2\/pages\/12311","targetHints":{"allow":["GET"]}}],"collection":[{"href":"https:\/\/canticosworld.com\/es\/wp-json\/wp\/v2\/pages"}],"about":[{"href":"https:\/\/canticosworld.com\/es\/wp-json\/wp\/v2\/types\/page"}],"author":[{"embeddable":true,"href":"https:\/\/canticosworld.com\/es\/wp-json\/wp\/v2\/users\/1"}],"replies":[{"embeddable":true,"href":"https:\/\/canticosworld.com\/es\/wp-json\/wp\/v2\/comments?post=12311"}],"version-history":[{"count":0,"href":"https:\/\/canticosworld.com\/es\/wp-json\/wp\/v2\/pages\/12311\/revisions"}],"wp:attachment":[{"href":"https:\/\/canticosworld.com\/es\/wp-json\/wp\/v2\/media?parent=12311"}],"curies":[{"name":"wp","href":"https:\/\/api.w.org\/{rel}","templated":true}]}}