{"id":12298,"date":"2020-11-05T20:11:20","date_gmt":"2020-11-05T20:11:20","guid":{"rendered":"https:\/\/canticosworld.com\/faq-app\/"},"modified":"2021-04-02T07:31:40","modified_gmt":"2021-04-02T11:31:40","slug":"faq-app","status":"publish","type":"page","link":"https:\/\/canticosworld.com\/es\/faq-app\/","title":{"rendered":"App FAQ\u2019s"},"content":{"rendered":"\t\t<div data-elementor-type=\"wp-page\" data-elementor-id=\"12298\" class=\"elementor elementor-12298\" data-elementor-post-type=\"page\">\n\t\t\t\t\t\t<section data-particle_enable=\"false\" data-particle-mobile-disabled=\"false\" class=\"elementor-section elementor-top-section elementor-element elementor-element-1000dff elementor-section-boxed elementor-section-height-default elementor-section-height-default\" data-id=\"1000dff\" data-element_type=\"section\">\n\t\t\t\t\t\t<div class=\"elementor-container elementor-column-gap-default\">\n\t\t\t\t\t<div class=\"elementor-column elementor-col-100 elementor-top-column elementor-element elementor-element-e9e5555\" data-id=\"e9e5555\" data-element_type=\"column\">\n\t\t\t<div class=\"elementor-widget-wrap elementor-element-populated\">\n\t\t\t\t\t\t<section data-particle_enable=\"false\" data-particle-mobile-disabled=\"false\" class=\"elementor-section elementor-inner-section elementor-element elementor-element-69e4772 elementor-section-boxed elementor-section-height-default elementor-section-height-default\" data-id=\"69e4772\" data-element_type=\"section\">\n\t\t\t\t\t\t<div class=\"elementor-container elementor-column-gap-default\">\n\t\t\t\t\t<div class=\"elementor-column elementor-col-50 elementor-inner-column elementor-element elementor-element-78745ff\" data-id=\"78745ff\" data-element_type=\"column\">\n\t\t\t<div class=\"elementor-widget-wrap elementor-element-populated\">\n\t\t\t\t\t\t<div class=\"elementor-element elementor-element-989aa17 elementor-widget elementor-widget-heading\" data-id=\"989aa17\" data-element_type=\"widget\" data-widget_type=\"heading.default\">\n\t\t\t\t<div class=\"elementor-widget-container\">\n\t\t\t<h1 class=\"elementor-heading-title elementor-size-default\">FAQs<\/h1>\t\t<\/div>\n\t\t\t\t<\/div>\n\t\t\t\t<div class=\"elementor-element elementor-element-06751ee elementor-absolute elementor-widget elementor-widget-button\" data-id=\"06751ee\" data-element_type=\"widget\" data-settings=\"{&quot;_position&quot;:&quot;absolute&quot;}\" data-widget_type=\"button.default\">\n\t\t\t\t<div class=\"elementor-widget-container\">\n\t\t\t\t\t\t\t<div class=\"elementor-button-wrapper\">\n\t\t\t\t\t<a class=\"elementor-button elementor-button-link elementor-size-xs\" href=\"https:\/\/canticosworld.com\/es\/faq-shop\/\">\n\t\t\t\t\t\t<span class=\"elementor-button-content-wrapper\">\n\t\t\t\t\t\t<span class=\"elementor-button-icon\">\n\t\t\t\t<i aria-hidden=\"true\" class=\"far fa-arrow-alt-circle-left\"><\/i>\t\t\t<\/span>\n\t\t\t\t\t\t\t\t\t<span class=\"elementor-button-text\">FAQS TIENDA<\/span>\n\t\t\t\t\t<\/span>\n\t\t\t\t\t<\/a>\n\t\t\t\t<\/div>\n\t\t\t\t\t\t<\/div>\n\t\t\t\t<\/div>\n\t\t\t\t\t<\/div>\n\t\t<\/div>\n\t\t\t\t<div class=\"elementor-column elementor-col-50 elementor-inner-column elementor-element elementor-element-e794907\" data-id=\"e794907\" data-element_type=\"column\">\n\t\t\t<div class=\"elementor-widget-wrap elementor-element-populated\">\n\t\t\t\t\t\t<div class=\"elementor-element elementor-element-5b07975 elementor-widget elementor-widget-text-editor\" data-id=\"5b07975\" data-element_type=\"widget\" data-widget_type=\"text-editor.default\">\n\t\t\t\t<div class=\"elementor-widget-container\">\n\t\t\t\t\t\t\tA continuaci\u00f3n ver\u00e1s algunas preguntas comunes sobre la app de Canticos.Para preguntas adicionales, no dudes en contactarnos escribiendo a <a href=\"mailto:help@canticosworld.com\"><span style=\"color: #00ccff;\"><strong>help@canticosworld.com<\/strong><\/span><\/a>\t\t\t\t\t\t<\/div>\n\t\t\t\t<\/div>\n\t\t\t\t\t<\/div>\n\t\t<\/div>\n\t\t\t\t\t<\/div>\n\t\t<\/section>\n\t\t\t\t\t<\/div>\n\t\t<\/div>\n\t\t\t\t\t<\/div>\n\t\t<\/section>\n\t\t\t\t<section data-particle_enable=\"false\" data-particle-mobile-disabled=\"false\" class=\"elementor-section elementor-top-section elementor-element elementor-element-ea69166 elementor-section-boxed elementor-section-height-default elementor-section-height-default\" data-id=\"ea69166\" data-element_type=\"section\">\n\t\t\t\t\t\t<div class=\"elementor-container elementor-column-gap-default\">\n\t\t\t\t\t<div class=\"elementor-column elementor-col-100 elementor-top-column elementor-element elementor-element-5bf173c\" data-id=\"5bf173c\" data-element_type=\"column\">\n\t\t\t<div class=\"elementor-widget-wrap elementor-element-populated\">\n\t\t\t\t\t\t<div class=\"elementor-element elementor-element-d3e2fed elementor-widget elementor-widget-accordion\" data-id=\"d3e2fed\" data-element_type=\"widget\" data-widget_type=\"accordion.default\">\n\t\t\t\t<div class=\"elementor-widget-container\">\n\t\t\t\t\t<div class=\"elementor-accordion\">\n\t\t\t\t\t\t\t<div class=\"elementor-accordion-item\">\n\t\t\t\t\t<div id=\"elementor-tab-title-2221\" class=\"elementor-tab-title\" data-tab=\"1\" role=\"button\" aria-controls=\"elementor-tab-content-2221\" aria-expanded=\"false\">\n\t\t\t\t\t\t\t\t\t\t\t\t\t<span class=\"elementor-accordion-icon elementor-accordion-icon-left\" aria-hidden=\"true\">\n\t\t\t\t\t\t\t\t\t\t\t\t\t\t\t<span class=\"elementor-accordion-icon-closed\"><i class=\"fas fa-plus\"><\/i><\/span>\n\t\t\t\t\t\t\t\t<span class=\"elementor-accordion-icon-opened\"><i class=\"fas fa-minus\"><\/i><\/span>\n\t\t\t\t\t\t\t\t\t\t\t\t\t\t<\/span>\n\t\t\t\t\t\t\t\t\t\t\t\t<a class=\"elementor-accordion-title\" tabindex=\"0\">Compr\u00e9 una suscripci\u00f3n y la aplicaci\u00f3n me pide que me suscriba nuevamente<\/a>\n\t\t\t\t\t<\/div>\n\t\t\t\t\t<div id=\"elementor-tab-content-2221\" class=\"elementor-tab-content elementor-clearfix\" data-tab=\"1\" role=\"region\" aria-labelledby=\"elementor-tab-title-2221\"><p>Si ya has comprado nuestra aplicaci\u00f3n y se te pide que pagues nuevamente, te recomendamos que des click en el bot\u00f3n \u201cRestaurar Compra\u201d, ubicado debajo del bot\u00f3n de suscripci\u00f3n \/ compra en la pantalla \u201cActualizar\u201d. Sigue las instrucciones posteriores para ingresar tu ID. Recuerda, nunca se te cobrar\u00e1 cuando utilices la funci\u00f3n de restauraci\u00f3n.<\/p><p>Si no se restablece, verifica el extracto de tu tarjeta de cr\u00e9dito, es posible que no se hayan realizado los cargos si el proceso no se finaliz\u00f3.<\/p><\/div>\n\t\t\t\t<\/div>\n\t\t\t\t\t\t\t<div class=\"elementor-accordion-item\">\n\t\t\t\t\t<div id=\"elementor-tab-title-2222\" class=\"elementor-tab-title\" data-tab=\"2\" role=\"button\" aria-controls=\"elementor-tab-content-2222\" aria-expanded=\"false\">\n\t\t\t\t\t\t\t\t\t\t\t\t\t<span class=\"elementor-accordion-icon elementor-accordion-icon-left\" aria-hidden=\"true\">\n\t\t\t\t\t\t\t\t\t\t\t\t\t\t\t<span class=\"elementor-accordion-icon-closed\"><i class=\"fas fa-plus\"><\/i><\/span>\n\t\t\t\t\t\t\t\t<span class=\"elementor-accordion-icon-opened\"><i class=\"fas fa-minus\"><\/i><\/span>\n\t\t\t\t\t\t\t\t\t\t\t\t\t\t<\/span>\n\t\t\t\t\t\t\t\t\t\t\t\t<a class=\"elementor-accordion-title\" tabindex=\"0\">Cre\u00e9 una cuenta pero ahora no puedo iniciar sesi\u00f3n<\/a>\n\t\t\t\t\t<\/div>\n\t\t\t\t\t<div id=\"elementor-tab-content-2222\" class=\"elementor-tab-content elementor-clearfix\" data-tab=\"2\" role=\"region\" aria-labelledby=\"elementor-tab-title-2222\"><p>Haz clic en el bot\u00f3n \u00abOlvid\u00e9 mi contrase\u00f1a\u00bb y revisa tu cuenta de correo electr\u00f3nico para ver si hay un mensaje de Encantos \/ Canticos.<\/p><\/div>\n\t\t\t\t<\/div>\n\t\t\t\t\t\t\t<div class=\"elementor-accordion-item\">\n\t\t\t\t\t<div id=\"elementor-tab-title-2223\" class=\"elementor-tab-title\" data-tab=\"3\" role=\"button\" aria-controls=\"elementor-tab-content-2223\" aria-expanded=\"false\">\n\t\t\t\t\t\t\t\t\t\t\t\t\t<span class=\"elementor-accordion-icon elementor-accordion-icon-left\" aria-hidden=\"true\">\n\t\t\t\t\t\t\t\t\t\t\t\t\t\t\t<span class=\"elementor-accordion-icon-closed\"><i class=\"fas fa-plus\"><\/i><\/span>\n\t\t\t\t\t\t\t\t<span class=\"elementor-accordion-icon-opened\"><i class=\"fas fa-minus\"><\/i><\/span>\n\t\t\t\t\t\t\t\t\t\t\t\t\t\t<\/span>\n\t\t\t\t\t\t\t\t\t\t\t\t<a class=\"elementor-accordion-title\" tabindex=\"0\">Quiero un adelanto de la app, pero me piden un correo electr\u00f3nico <\/a>\n\t\t\t\t\t<\/div>\n\t\t\t\t\t<div id=\"elementor-tab-content-2223\" class=\"elementor-tab-content elementor-clearfix\" data-tab=\"3\" role=\"region\" aria-labelledby=\"elementor-tab-title-2223\"><p>Queremos mantener contacto contigo e informarte de las \u00faltimas actualizaciones, correcciones, etc. Es por eso que solicitamos tu correo electr\u00f3nico, para que nuestra marca pueda continuar la conversaci\u00f3n. Considera proveer tu correo para que puedas probar la app y disfrutar de una experiencia mejorada.<\/p><\/div>\n\t\t\t\t<\/div>\n\t\t\t\t\t\t\t<div class=\"elementor-accordion-item\">\n\t\t\t\t\t<div id=\"elementor-tab-title-2224\" class=\"elementor-tab-title\" data-tab=\"4\" role=\"button\" aria-controls=\"elementor-tab-content-2224\" aria-expanded=\"false\">\n\t\t\t\t\t\t\t\t\t\t\t\t\t<span class=\"elementor-accordion-icon elementor-accordion-icon-left\" aria-hidden=\"true\">\n\t\t\t\t\t\t\t\t\t\t\t\t\t\t\t<span class=\"elementor-accordion-icon-closed\"><i class=\"fas fa-plus\"><\/i><\/span>\n\t\t\t\t\t\t\t\t<span class=\"elementor-accordion-icon-opened\"><i class=\"fas fa-minus\"><\/i><\/span>\n\t\t\t\t\t\t\t\t\t\t\t\t\t\t<\/span>\n\t\t\t\t\t\t\t\t\t\t\t\t<a class=\"elementor-accordion-title\" tabindex=\"0\">\u00bfPuedo usar mi suscripci\u00f3n en otro dispositivo?<\/a>\n\t\t\t\t\t<\/div>\n\t\t\t\t\t<div id=\"elementor-tab-content-2224\" class=\"elementor-tab-content elementor-clearfix\" data-tab=\"4\" role=\"region\" aria-labelledby=\"elementor-tab-title-2224\"><p>S\u00ed. Si has creado una cuenta dentro de la aplicaci\u00f3n Canticos, puedes iniciar sesi\u00f3n en cualquier dispositivo usando tu correo electr\u00f3nico y contrase\u00f1a y obtener acceso a tu suscripci\u00f3n y progreso.<\/p><p>Si no has creado una cuenta en Canticos, solo aseg\u00farate que tu dispositivo est\u00e9 conectado con la misma ID de Apple; instala la aplicaci\u00f3n en ese dispositivo y, cuando se te pida suscribirte, da clic en el bot\u00f3n \u00abRestaurar\u00bb. Esto restaurar\u00e1 tu suscripci\u00f3n con tu ID de Apple. Luego se te pedir\u00e1 que crees tu cuenta.<\/p><\/div>\n\t\t\t\t<\/div>\n\t\t\t\t\t\t\t<div class=\"elementor-accordion-item\">\n\t\t\t\t\t<div id=\"elementor-tab-title-2225\" class=\"elementor-tab-title\" data-tab=\"5\" role=\"button\" aria-controls=\"elementor-tab-content-2225\" aria-expanded=\"false\">\n\t\t\t\t\t\t\t\t\t\t\t\t\t<span class=\"elementor-accordion-icon elementor-accordion-icon-left\" aria-hidden=\"true\">\n\t\t\t\t\t\t\t\t\t\t\t\t\t\t\t<span class=\"elementor-accordion-icon-closed\"><i class=\"fas fa-plus\"><\/i><\/span>\n\t\t\t\t\t\t\t\t<span class=\"elementor-accordion-icon-opened\"><i class=\"fas fa-minus\"><\/i><\/span>\n\t\t\t\t\t\t\t\t\t\t\t\t\t\t<\/span>\n\t\t\t\t\t\t\t\t\t\t\t\t<a class=\"elementor-accordion-title\" tabindex=\"0\">\u00bfC\u00f3mo funciona la prueba gratuita?<\/a>\n\t\t\t\t\t<\/div>\n\t\t\t\t\t<div id=\"elementor-tab-content-2225\" class=\"elementor-tab-content elementor-clearfix\" data-tab=\"5\" role=\"region\" aria-labelledby=\"elementor-tab-title-2225\"><p>Al suscribirte, no se te cobrar\u00e1 durante los primeros 7 d\u00edas. Puedes usar la app de forma gratuita con todo el contenido desbloqueado durante esos 7 d\u00edas. Si decides cancelar antes de que termine ese per\u00edodo, no se te cobrar\u00e1. Pero si mantienes activa tu suscripci\u00f3n, se te cobrar\u00e1 al final del per\u00edodo de prueba de 7 d\u00edas.<\/p><\/div>\n\t\t\t\t<\/div>\n\t\t\t\t\t\t\t<div class=\"elementor-accordion-item\">\n\t\t\t\t\t<div id=\"elementor-tab-title-2226\" class=\"elementor-tab-title\" data-tab=\"6\" role=\"button\" aria-controls=\"elementor-tab-content-2226\" aria-expanded=\"false\">\n\t\t\t\t\t\t\t\t\t\t\t\t\t<span class=\"elementor-accordion-icon elementor-accordion-icon-left\" aria-hidden=\"true\">\n\t\t\t\t\t\t\t\t\t\t\t\t\t\t\t<span class=\"elementor-accordion-icon-closed\"><i class=\"fas fa-plus\"><\/i><\/span>\n\t\t\t\t\t\t\t\t<span class=\"elementor-accordion-icon-opened\"><i class=\"fas fa-minus\"><\/i><\/span>\n\t\t\t\t\t\t\t\t\t\t\t\t\t\t<\/span>\n\t\t\t\t\t\t\t\t\t\t\t\t<a class=\"elementor-accordion-title\" tabindex=\"0\">\u00bfC\u00f3mo funciona la suscripci\u00f3n? \u00bfSe renueva autom\u00e1ticamente?<\/a>\n\t\t\t\t\t<\/div>\n\t\t\t\t\t<div id=\"elementor-tab-content-2226\" class=\"elementor-tab-content elementor-clearfix\" data-tab=\"6\" role=\"region\" aria-labelledby=\"elementor-tab-title-2226\">La suscripci\u00f3n se renueva de forma  autom\u00e1tica.Si compras el plan mensual, la suscripci\u00f3n se renovar\u00e1 al final de cada per\u00edodo de un mes. Si compras el plan anual, la suscripci\u00f3n se renovar\u00e1 al final de cada a\u00f1o.<\/div>\n\t\t\t\t<\/div>\n\t\t\t\t\t\t\t<div class=\"elementor-accordion-item\">\n\t\t\t\t\t<div id=\"elementor-tab-title-2227\" class=\"elementor-tab-title\" data-tab=\"7\" role=\"button\" aria-controls=\"elementor-tab-content-2227\" aria-expanded=\"false\">\n\t\t\t\t\t\t\t\t\t\t\t\t\t<span class=\"elementor-accordion-icon elementor-accordion-icon-left\" aria-hidden=\"true\">\n\t\t\t\t\t\t\t\t\t\t\t\t\t\t\t<span class=\"elementor-accordion-icon-closed\"><i class=\"fas fa-plus\"><\/i><\/span>\n\t\t\t\t\t\t\t\t<span class=\"elementor-accordion-icon-opened\"><i class=\"fas fa-minus\"><\/i><\/span>\n\t\t\t\t\t\t\t\t\t\t\t\t\t\t<\/span>\n\t\t\t\t\t\t\t\t\t\t\t\t<a class=\"elementor-accordion-title\" tabindex=\"0\">\u00bfC\u00f3mo cancelo mi suscripci\u00f3n?<\/a>\n\t\t\t\t\t<\/div>\n\t\t\t\t\t<div id=\"elementor-tab-content-2227\" class=\"elementor-tab-content elementor-clearfix\" data-tab=\"7\" role=\"region\" aria-labelledby=\"elementor-tab-title-2227\"><p><strong>Usuarios de iOS:<br \/><\/strong><\/p><p style=\"padding-left: 40px;\">Puedes cancelar tu suscripci\u00f3n dentro de la aplicaci\u00f3n yendo a la secci\u00f3n de pap\u00e1s tocando el \u00edcono superior derecho en la pantalla de inicio y luego entrando en la configuraci\u00f3n de \u00abAdministrar suscripci\u00f3n\u00bb. All\u00ed puedes cancelar tu suscripci\u00f3n.<\/p><p>Tambi\u00e9n puedes cancelar tu suscripci\u00f3n en la configuraci\u00f3n de su iPhone, yendo a \u201cConfiguraci\u00f3n\u201d, tocando la configuraci\u00f3n de tu ID de Apple y luego yendo a la secci\u00f3n \u201cSuscripciones\u201d. All\u00ed, puedes administrar todas tus suscripciones del iPhone, incluyendo a Canticos.<\/p><p><strong>Usuarios de Android:<\/strong><\/p><p style=\"padding-left: 40px;\">En tu tel\u00e9fono o tableta, abre el Google Play Store.<br \/>Verifica que hayas iniciado sesi\u00f3n en la cuenta de Google correcta.<br \/>Toca \u201cMen\u00fa\u201d y luego \u201cSuscripciones\u201d.<br \/>Selecciona la suscripci\u00f3n de la aplicaci\u00f3n Canticos.<br \/>Toca \u201cCancelar Suscripci\u00f3n\u201d.<br \/>Sigue las instrucciones.<\/p><\/div>\n\t\t\t\t<\/div>\n\t\t\t\t\t\t\t<div class=\"elementor-accordion-item\">\n\t\t\t\t\t<div id=\"elementor-tab-title-2228\" class=\"elementor-tab-title\" data-tab=\"8\" role=\"button\" aria-controls=\"elementor-tab-content-2228\" aria-expanded=\"false\">\n\t\t\t\t\t\t\t\t\t\t\t\t\t<span class=\"elementor-accordion-icon elementor-accordion-icon-left\" aria-hidden=\"true\">\n\t\t\t\t\t\t\t\t\t\t\t\t\t\t\t<span class=\"elementor-accordion-icon-closed\"><i class=\"fas fa-plus\"><\/i><\/span>\n\t\t\t\t\t\t\t\t<span class=\"elementor-accordion-icon-opened\"><i class=\"fas fa-minus\"><\/i><\/span>\n\t\t\t\t\t\t\t\t\t\t\t\t\t\t<\/span>\n\t\t\t\t\t\t\t\t\t\t\t\t<a class=\"elementor-accordion-title\" tabindex=\"0\">\u00bfC\u00f3mo puedo solicitar un reembolso?<\/a>\n\t\t\t\t\t<\/div>\n\t\t\t\t\t<div id=\"elementor-tab-content-2228\" class=\"elementor-tab-content elementor-clearfix\" data-tab=\"8\" role=\"region\" aria-labelledby=\"elementor-tab-title-2228\"><p><strong>Si compraste nuestra app a trav\u00e9s del App Store:<\/strong><br \/>Por favor sigue las instrucciones en este link ya que efectuar reembolsos est\u00e1 fuera de nuestro control debido a las regulaciones de Apple. <br \/><br \/><\/p><p><strong>Si compraste nuestra app a trav\u00e9s de Google Play:<\/strong><\/p><p>Puedes solicitar un reembolso directamente a trav\u00e9s de Google Play siguiendo las instrucciones de este link o envi\u00e1ndonos un correo a <a href=\"mailto:help@canticosworld.com\"><span style=\"color: #00ccff;\"><strong>help@canticosworld.com<\/strong><\/span><\/a> y dej\u00e1ndonos saber cu\u00e1l es el correo electr\u00f3nico que usas en tu cuenta de Google Play y el que utilizaste para crear tu cuenta en la app de Canticos (si son distintos), as\u00ed podremos ayudar.\u00a0<\/p><p><strong>Si compraste nuestra app a trav\u00e9s de nuestro sitio web:<br \/><\/strong><br \/>Por favor env\u00eda un correo a <strong><span style=\"color: #00ccff;\">help@canticosworld.com<\/span><\/strong> desde el correo electr\u00f3nico que usaste para crear tu cuenta en la app de Canticos y podremos ayudarte. <\/p><\/div>\n\t\t\t\t<\/div>\n\t\t\t\t\t\t\t<div class=\"elementor-accordion-item\">\n\t\t\t\t\t<div id=\"elementor-tab-title-2229\" class=\"elementor-tab-title\" data-tab=\"9\" role=\"button\" aria-controls=\"elementor-tab-content-2229\" aria-expanded=\"false\">\n\t\t\t\t\t\t\t\t\t\t\t\t\t<span class=\"elementor-accordion-icon elementor-accordion-icon-left\" aria-hidden=\"true\">\n\t\t\t\t\t\t\t\t\t\t\t\t\t\t\t<span class=\"elementor-accordion-icon-closed\"><i class=\"fas fa-plus\"><\/i><\/span>\n\t\t\t\t\t\t\t\t<span class=\"elementor-accordion-icon-opened\"><i class=\"fas fa-minus\"><\/i><\/span>\n\t\t\t\t\t\t\t\t\t\t\t\t\t\t<\/span>\n\t\t\t\t\t\t\t\t\t\t\t\t<a class=\"elementor-accordion-title\" tabindex=\"0\">La aplicaci\u00f3n falla o no funciona correctamente<\/a>\n\t\t\t\t\t<\/div>\n\t\t\t\t\t<div id=\"elementor-tab-content-2229\" class=\"elementor-tab-content elementor-clearfix\" data-tab=\"9\" role=\"region\" aria-labelledby=\"elementor-tab-title-2229\"><ul><li>PAseg\u00farate de tener actualizada la \u00faltima versi\u00f3n de la aplicaci\u00f3n.<\/li><li>Reinicia tu tel\u00e9fono y vuelve a intentarlo.<\/li><li>Si a\u00fan tienes problemas, env\u00edanos un correo electr\u00f3nico a <span style=\"color: #00ccff;\"><strong><a style=\"color: #00ccff;\" href=\"mailto:help@canticosworld.com\">help@canticosworld.com<\/a><\/strong><\/span> y haznos saber lo siguiente:<\/li><\/ul><p style=\"padding-left: 40px;\">\u00bfCu\u00e1l es el problema que tienes? (S\u00e9 lo m\u00e1s espec\u00edfico posible)<br \/>\u00bfQu\u00e9 dispositivo y modelo est\u00e1s usando?<br \/>\u00bfEn qu\u00e9 versi\u00f3n de sistema operativo (SO) funciona tu dispositivo (por ejemplo, iOS 13.5)?<br \/>\u00bfTu tel\u00e9fono o tableta estaba conectado a wifi o a trav\u00e9s de un proveedor de telefon\u00eda?<br \/>\u00bfQu\u00e9 versi\u00f3n de la aplicaci\u00f3n est\u00e1s usando? Puedes verificar esto en el panel de control para padres, en la secci\u00f3n \u201cAcerca de\u201d.<br \/>\u00bfQu\u00e9 correo electr\u00f3nico usaste para crear tu cuenta en la app de Canticos?<\/p><\/div>\n\t\t\t\t<\/div>\n\t\t\t\t\t\t\t<div class=\"elementor-accordion-item\">\n\t\t\t\t\t<div id=\"elementor-tab-title-22210\" class=\"elementor-tab-title\" data-tab=\"10\" role=\"button\" aria-controls=\"elementor-tab-content-22210\" aria-expanded=\"false\">\n\t\t\t\t\t\t\t\t\t\t\t\t\t<span class=\"elementor-accordion-icon elementor-accordion-icon-left\" aria-hidden=\"true\">\n\t\t\t\t\t\t\t\t\t\t\t\t\t\t\t<span class=\"elementor-accordion-icon-closed\"><i class=\"fas fa-plus\"><\/i><\/span>\n\t\t\t\t\t\t\t\t<span class=\"elementor-accordion-icon-opened\"><i class=\"fas fa-minus\"><\/i><\/span>\n\t\t\t\t\t\t\t\t\t\t\t\t\t\t<\/span>\n\t\t\t\t\t\t\t\t\t\t\t\t<a class=\"elementor-accordion-title\" tabindex=\"0\">Tengo una suscripci\u00f3n pero algunos juegos siguen bloqueados<\/a>\n\t\t\t\t\t<\/div>\n\t\t\t\t\t<div id=\"elementor-tab-content-22210\" class=\"elementor-tab-content elementor-clearfix\" data-tab=\"10\" role=\"region\" aria-labelledby=\"elementor-tab-title-22210\"><p>Para que los juegos se desbloqueen, tu peque\u00f1o necesita jugar m\u00e1s juegos. Entre m\u00e1s juegos complete, m\u00e1s juegos se ir\u00e1n desbloqueando.<\/p><\/div>\n\t\t\t\t<\/div>\n\t\t\t\t\t\t\t<div class=\"elementor-accordion-item\">\n\t\t\t\t\t<div id=\"elementor-tab-title-22211\" class=\"elementor-tab-title\" data-tab=\"11\" role=\"button\" aria-controls=\"elementor-tab-content-22211\" aria-expanded=\"false\">\n\t\t\t\t\t\t\t\t\t\t\t\t\t<span class=\"elementor-accordion-icon elementor-accordion-icon-left\" aria-hidden=\"true\">\n\t\t\t\t\t\t\t\t\t\t\t\t\t\t\t<span class=\"elementor-accordion-icon-closed\"><i class=\"fas fa-plus\"><\/i><\/span>\n\t\t\t\t\t\t\t\t<span class=\"elementor-accordion-icon-opened\"><i class=\"fas fa-minus\"><\/i><\/span>\n\t\t\t\t\t\t\t\t\t\t\t\t\t\t<\/span>\n\t\t\t\t\t\t\t\t\t\t\t\t<a class=\"elementor-accordion-title\" tabindex=\"0\">\u00bfPuedo agregar varios ni\u00f1os a una misma suscripci\u00f3n?<\/a>\n\t\t\t\t\t<\/div>\n\t\t\t\t\t<div id=\"elementor-tab-content-22211\" class=\"elementor-tab-content elementor-clearfix\" data-tab=\"11\" role=\"region\" aria-labelledby=\"elementor-tab-title-22211\"><p>S\u00ed. Una vez que te suscribes al app, puedes agregar m\u00e1s usuarios en la secci\u00f3n para pap\u00e1s.<\/p><\/div>\n\t\t\t\t<\/div>\n\t\t\t\t\t\t\t\t<\/div>\n\t\t\t\t<\/div>\n\t\t\t\t<\/div>\n\t\t\t\t\t<\/div>\n\t\t<\/div>\n\t\t\t\t\t<\/div>\n\t\t<\/section>\n\t\t\t\t<section data-particle_enable=\"false\" data-particle-mobile-disabled=\"false\" class=\"elementor-section elementor-top-section elementor-element elementor-element-c547da5 elementor-section-boxed elementor-section-height-default elementor-section-height-default\" data-id=\"c547da5\" data-element_type=\"section\">\n\t\t\t\t\t\t<div class=\"elementor-container elementor-column-gap-default\">\n\t\t\t\t\t<div class=\"elementor-column elementor-col-100 elementor-top-column elementor-element elementor-element-4543e95\" data-id=\"4543e95\" data-element_type=\"column\">\n\t\t\t<div class=\"elementor-widget-wrap elementor-element-populated\">\n\t\t\t\t\t\t<div class=\"elementor-element elementor-element-142c3b2 elementor-widget elementor-widget-spacer\" data-id=\"142c3b2\" data-element_type=\"widget\" data-widget_type=\"spacer.default\">\n\t\t\t\t<div class=\"elementor-widget-container\">\n\t\t\t\t\t<div class=\"elementor-spacer\">\n\t\t\t<div class=\"elementor-spacer-inner\"><\/div>\n\t\t<\/div>\n\t\t\t\t<\/div>\n\t\t\t\t<\/div>\n\t\t\t\t<div class=\"elementor-element elementor-element-41209c2 elementor-widget elementor-widget-text-editor\" data-id=\"41209c2\" data-element_type=\"widget\" data-widget_type=\"text-editor.default\">\n\t\t\t\t<div class=\"elementor-widget-container\">\n\t\t\t\t\t\t\t<p>Hecho con\u00a0<img decoding=\"async\" class=\"emoji lazyload\" role=\"img\" draggable=\"false\" data-src=\"https:\/\/s.w.org\/images\/core\/emoji\/13.0.1\/svg\/2764.svg\" alt=\"\u2764\ufe0f\" src=\"data:image\/gif;base64,R0lGODlhAQABAAAAACH5BAEKAAEALAAAAAABAAEAAAICTAEAOw==\" \/><noscript><img decoding=\"async\" class=\"emoji\" role=\"img\" draggable=\"false\" src=\"https:\/\/s.w.org\/images\/core\/emoji\/13.0.1\/svg\/2764.svg\" alt=\"\u2764\ufe0f\" \/><\/noscript>\u00a0de nuestra familia a la tuya<\/p>\t\t\t\t\t\t<\/div>\n\t\t\t\t<\/div>\n\t\t\t\t\t<\/div>\n\t\t<\/div>\n\t\t\t\t\t<\/div>\n\t\t<\/section>\n\t\t\t\t<\/div>\n\t\t","protected":false},"excerpt":{"rendered":"<p>FAQs FAQS TIENDA A continuaci\u00f3n ver\u00e1s algunas preguntas comunes sobre la app de Canticos.Para preguntas adicionales, no dudes en contactarnos escribiendo a help@canticosworld.com Compr\u00e9 una suscripci\u00f3n y la aplicaci\u00f3n me pide que me suscriba nuevamente Si ya has comprado nuestra aplicaci\u00f3n y se te pide que pagues nuevamente, te recomendamos que des click en el [&hellip;]<\/p>\n","protected":false},"author":1,"featured_media":0,"parent":0,"menu_order":0,"comment_status":"closed","ping_status":"closed","template":"","meta":{"_acf_changed":false,"inline_featured_image":false,"footnotes":""},"class_list":["post-12298","page","type-page","status-publish","hentry"],"acf":[],"_links":{"self":[{"href":"https:\/\/canticosworld.com\/es\/wp-json\/wp\/v2\/pages\/12298","targetHints":{"allow":["GET"]}}],"collection":[{"href":"https:\/\/canticosworld.com\/es\/wp-json\/wp\/v2\/pages"}],"about":[{"href":"https:\/\/canticosworld.com\/es\/wp-json\/wp\/v2\/types\/page"}],"author":[{"embeddable":true,"href":"https:\/\/canticosworld.com\/es\/wp-json\/wp\/v2\/users\/1"}],"replies":[{"embeddable":true,"href":"https:\/\/canticosworld.com\/es\/wp-json\/wp\/v2\/comments?post=12298"}],"version-history":[{"count":0,"href":"https:\/\/canticosworld.com\/es\/wp-json\/wp\/v2\/pages\/12298\/revisions"}],"wp:attachment":[{"href":"https:\/\/canticosworld.com\/es\/wp-json\/wp\/v2\/media?parent=12298"}],"curies":[{"name":"wp","href":"https:\/\/api.w.org\/{rel}","templated":true}]}}